{"id":2409,"date":"2024-03-26T22:36:43","date_gmt":"2024-03-27T01:36:43","guid":{"rendered":"https:\/\/kavac.cl\/?post_type=product&#038;p=2409"},"modified":"2025-01-13T21:21:48","modified_gmt":"2025-01-14T00:21:48","slug":"recarga-de-bidon","status":"publish","type":"product","link":"https:\/\/kavac.cl\/index.php\/producto\/recarga-de-bidon\/","title":{"rendered":"Recarga de Bidon 20 L"},"content":{"rendered":"<p>Recarga 20 Litros<\/p>\n<p>Despacho Incluido.<\/p>\n<p>Comunas: Las Condes, Vitacura, La Reina, \u00d1u\u00f1oa, Macul, San Joaqu\u00edn, San Miguel.<\/p>\n<p>Otras: Santiago, La Cisterna (Consultar).<\/p>\n","protected":false},"excerpt":{"rendered":"<p>Despacho Incluido.<\/p>\n<p>Comunas: Las Condes, Vitacura, La Reina, \u00d1u\u00f1oa, Macul, San Joaqu\u00edn, San Miguel.<\/p>\n<p>Otras: Santiago, La Cisterna (Consultar).<\/p>\n","protected":false},"featured_media":2464,"comment_status":"open","ping_status":"closed","template":"","meta":[],"product_cat":[58],"product_tag":[],"class_list":{"0":"post-2409","1":"product","2":"type-product","3":"status-publish","4":"has-post-thumbnail","6":"product_cat-sin-categoria","8":"first","9":"instock","10":"shipping-taxable","11":"purchasable","12":"product-type-simple"},"jetpack_sharing_enabled":true,"_links":{"self":[{"href":"https:\/\/kavac.cl\/index.php\/wp-json\/wp\/v2\/product\/2409","targetHints":{"allow":["GET"]}}],"collection":[{"href":"https:\/\/kavac.cl\/index.php\/wp-json\/wp\/v2\/product"}],"about":[{"href":"https:\/\/kavac.cl\/index.php\/wp-json\/wp\/v2\/types\/product"}],"replies":[{"embeddable":true,"href":"https:\/\/kavac.cl\/index.php\/wp-json\/wp\/v2\/comments?post=2409"}],"wp:featuredmedia":[{"embeddable":true,"href":"https:\/\/kavac.cl\/index.php\/wp-json\/wp\/v2\/media\/2464"}],"wp:attachment":[{"href":"https:\/\/kavac.cl\/index.php\/wp-json\/wp\/v2\/media?parent=2409"}],"wp:term":[{"taxonomy":"product_cat","embeddable":true,"href":"https:\/\/kavac.cl\/index.php\/wp-json\/wp\/v2\/product_cat?post=2409"},{"taxonomy":"product_tag","embeddable":true,"href":"https:\/\/kavac.cl\/index.php\/wp-json\/wp\/v2\/product_tag?post=2409"}],"curies":[{"name":"wp","href":"https:\/\/api.w.org\/{rel}","templated":true}]}}